{"id":553,"date":"2025-12-03T07:46:25","date_gmt":"2025-12-03T07:46:25","guid":{"rendered":"https:\/\/www.floracultura.it\/?page_id=553"},"modified":"2025-12-03T07:46:25","modified_gmt":"2025-12-03T07:46:25","slug":"coma-la-vie-dans-un-autre-temps","status":"publish","type":"page","link":"https:\/\/www.floracultura.it\/index.php\/pubblicazioni\/coma-la-vie-dans-un-autre-temps\/","title":{"rendered":"Coma \u2013 La vie dans un autre temps"},"content":{"rendered":"<p>&nbsp;<\/p>\n<p><img loading=\"lazy\" decoding=\"async\" class=\"alignnone wp-image-555 size-medium aligncenter\" src=\"https:\/\/www.floracultura.it\/wp-content\/uploads\/2025\/12\/Coma2-fr-205x300.jpg\" alt=\"coma\" width=\"205\" height=\"300\" srcset=\"https:\/\/www.floracultura.it\/wp-content\/uploads\/2025\/12\/Coma2-fr-205x300.jpg 205w, https:\/\/www.floracultura.it\/wp-content\/uploads\/2025\/12\/Coma2-fr.jpg 230w\" sizes=\"(max-width: 205px) 100vw, 205px\" \/><\/p>\n<p><strong>Coma \u2013 La vie dans un autre temps<br \/>\n<\/strong><\/p>\n<div class=\"yahoo-style-wrap\" style=\"font-size: 20px; font-family: garamond, new york, times, serif;\">\n<div dir=\"ltr\" data-setdir=\"false\">\n<p>Coma &#8211; La vie dans un autre temps\u2028ISBN: 979-12-210-8504-4<\/p>\n<\/div>\n<\/div>\n<div class=\"yahoo-style-wrap\" style=\"font-size: 20px; font-family: garamond, new york, times, serif;\">\n<div dir=\"ltr\" data-setdir=\"false\">\n<div>Autore: Arturo Croci<br \/>\nEditore: MAnW, filiale di Novara (Italia)<br \/>\nTraduzione dal francese: Lettizia Gattel Larcher e Lise Clamens<br \/>\nCopertina: \u00a9 Charles Johnson. \u2028Introduzione: Angelo Lamberti. \u2028Formato: Demy, 216 x 138 mm. \u2028Pagine: 256, brossura<br \/>\nPrezzo: \u20ac15,00<br \/>\nData di pubblicazione: 1\u00b0 ottobre 2025<\/div>\n<\/div>\n<div class=\"yahoo-style-wrap\" style=\"font-size: 20px; font-family: garamond, new york, times, serif;\">\n<div dir=\"ltr\" data-setdir=\"false\">\n<p>Un racconto toccante tra realt\u00e0 e mistero in Coma &#8211; La vita in un altro tempo, Arturo Croci ci accompagna in un\u2019esperienza unica, al crocevia tra realt\u00e0, memoria e immaginazione.<\/p>\n<div class=\"yahoo-style-wrap\" style=\"font-size: 20px; font-family: garamond, new york, times, serif;\">\n<div dir=\"ltr\" data-setdir=\"false\">\n<div>Questo libro, accuratamente tradotto da Lettizia Gattel Larcher e Lise Clamens, racconta il calvario dell&#8217;autore durante il coma durato diverse settimane, dal 15 dicembre 2005 al 9 gennaio 2006, in seguito alla rottura di un aneurisma dell&#8217;arco aortico, trattato presso gli Ospedali Riuniti di Bergamo. \u2028In un&#8217;epoca in cui sopravvivere a una dissezione aortica era raro, Arturo Croci non solo ha sfidato la morte, ma ha anche vissuto un&#8217;esistenza parallela, in &#8220;un altro tempo&#8221;, che condivide con disarmante sincerit\u00e0. \u2028Una vita in coma: una dilatazione temporale &#8220;Non vedevo luci o tunnel luminosi; scivolavo semplicemente nell&#8217;oscurit\u00e0&#8230; e, dopo una vita, tornavo, fluttuando nell&#8217;oscurit\u00e0&#8221;, confida Arturo Croci. In questo stato simile al coma, ha vissuto un&#8217;intera vita, un&#8217;esperienza cos\u00ec intensa da confondere i confini tra realt\u00e0 e illusione. Questa storia, iniziata all&#8217;Ospedale di Bellano nel 2006, mentre imparava a camminare di nuovo dopo sei mesi in sedia a rotelle, si \u00e8 arricchita nel corso degli anni, in particolare a Ban Kamala, in Thailandia, nel 2013, prima di essere completata nel 2018 per la pubblicazione iniziale da Patrician Press. \u2028Le versioni inglese e spagnola sono seguite nel 2019 e nel 2023, e ora sta vedendo la luce la versione francese. \u2028Un interrogativo universale sulla vita e sull&#8217;amore In questo libro, Arturo Croci non si limita a raccontare la sua esperienza medica; esplora un&#8217;affascinante dualit\u00e0 esistenziale. \u2028Gli eventi vissuti in coma si intrecciano con quelli della sua vita reale, creando una narrazione in cui la cronologia sfuma nella ricerca di un significato. &#8220;Ho rivissuto momenti della mia vita e ne ho scoperti altri appartenenti a un altro tempo&#8221;, spiega. Il filo conduttore di questa testimonianza \u00e8 l&#8217;amore \u2013 per una donna, per la vita \u2013 e un profondo interrogativo: quale di queste due vite \u00e8 quella vera? Oppure sono entrambe reali, o forse illusorie? Le inquietanti coincidenze che si verificano dopo il suo risveglio non fanno che amplificare questo mistero<\/div>\n<\/div>\n<\/div>\n<\/div>\n<\/div>\n<\/div>\n","protected":false},"excerpt":{"rendered":"<p>&nbsp; Coma \u2013 La vie dans un autre temps Coma &#8211; La vie dans un autre temps\u2028ISBN: 979-12-210-8504-4 Autore: Arturo Croci Editore: MAnW, filiale di Novara (Italia) Traduzione dal francese: Lettizia Gattel Larcher e Lise Clamens Copertina: \u00a9 Charles Johnson. \u2028Introduzione: Angelo Lamberti. \u2028Formato: Demy, 216 x 138 mm. \u2028Pagine: 256, brossura Prezzo: \u20ac15,00 Data [&hellip;]<\/p>\n","protected":false},"author":1,"featured_media":0,"parent":255,"menu_order":0,"comment_status":"open","ping_status":"closed","template":"","meta":{"ngg_post_thumbnail":0,"footnotes":""},"class_list":["post-553","page","type-page","status-publish","hentry"],"_links":{"self":[{"href":"https:\/\/www.floracultura.it\/index.php\/wp-json\/wp\/v2\/pages\/553"}],"collection":[{"href":"https:\/\/www.floracultura.it\/index.php\/wp-json\/wp\/v2\/pages"}],"about":[{"href":"https:\/\/www.floracultura.it\/index.php\/wp-json\/wp\/v2\/types\/page"}],"author":[{"embeddable":true,"href":"https:\/\/www.floracultura.it\/index.php\/wp-json\/wp\/v2\/users\/1"}],"replies":[{"embeddable":true,"href":"https:\/\/www.floracultura.it\/index.php\/wp-json\/wp\/v2\/comments?post=553"}],"version-history":[{"count":2,"href":"https:\/\/www.floracultura.it\/index.php\/wp-json\/wp\/v2\/pages\/553\/revisions"}],"predecessor-version":[{"id":556,"href":"https:\/\/www.floracultura.it\/index.php\/wp-json\/wp\/v2\/pages\/553\/revisions\/556"}],"up":[{"embeddable":true,"href":"https:\/\/www.floracultura.it\/index.php\/wp-json\/wp\/v2\/pages\/255"}],"wp:attachment":[{"href":"https:\/\/www.floracultura.it\/index.php\/wp-json\/wp\/v2\/media?parent=553"}],"curies":[{"name":"wp","href":"https:\/\/api.w.org\/{rel}","templated":true}]}}