{"id":519,"date":"2025-07-01T04:42:24","date_gmt":"2025-07-01T04:42:24","guid":{"rendered":"https:\/\/www.floracultura.it\/?page_id=519"},"modified":"2025-07-29T08:42:40","modified_gmt":"2025-07-29T08:42:40","slug":"andromeda-0-8-library-vade-retro-vade-mecum","status":"publish","type":"page","link":"https:\/\/www.floracultura.it\/index.php\/pubblicazioni\/andromeda-0-8-library-vade-retro-vade-mecum\/","title":{"rendered":"Andromeda 0-8 library vade retro vade mecum"},"content":{"rendered":"<p>&nbsp;<\/p>\n<p style=\"text-align: center;\"><img loading=\"lazy\" decoding=\"async\" class=\"alignnone size-medium wp-image-520\" src=\"https:\/\/www.floracultura.it\/wp-content\/uploads\/2025\/07\/Vademecum-foto-300x219.jpg\" alt=\"\" width=\"300\" height=\"219\" srcset=\"https:\/\/www.floracultura.it\/wp-content\/uploads\/2025\/07\/Vademecum-foto-300x219.jpg 300w, https:\/\/www.floracultura.it\/wp-content\/uploads\/2025\/07\/Vademecum-foto-768x560.jpg 768w, https:\/\/www.floracultura.it\/wp-content\/uploads\/2025\/07\/Vademecum-foto.jpg 1000w\" sizes=\"(max-width: 300px) 100vw, 300px\" \/><\/p>\n<p class=\"has-medium-font-size\">Andromeda 08 Library vade retro vade mecum<br \/>\nAutori: Arturo Croci &#8211; Pier Paderni<br \/>\npubblicazione MAnW<br \/>\nLuglio 2025<br \/>\nFormato 28&#215;21 cm<br \/>\nRilegatura: Cartonato<br \/>\nPagine 96 a colori, Illustrazioni 98<br \/>\nPrezzo 25,00 euro<\/p>\n<p class=\"has-medium-font-size\"><em>DESCRIZIONE<\/em><\/p>\n<div class=\"ydp631924dbyahoo-style-wrap\" style=\"font-size: 18px; font-family: garamond, new york, times, serif;\">\n<div dir=\"ltr\" data-setdir=\"false\">\n<div>\u201cDedicato agli Argonauti della Fantasia e Circonvenzione della macchia\u201d una raccolta di testi, poesie, racconti improbabili, disegni estemporanei: dal Vaso di Pandora o di Arturo Croci e Pier Paderni con sorprese che vanno oltre gli stereotipi di pubblicazioni create con plot da computer o la nuova avventura dell\u2019Intelligenza Artificiale \u2026 qua e l\u00e0 compare l\u2019emblematica effige di Giano Bifronte a porre dubbi o riserve, ma soprattutto a fare da motivo conduttore un testo di Leonardo da Vinci: \u201c Non rester\u00f2 di mettere fra questi precetti una nuova invenzione, la quale, bench\u00e9 paia piccola \u00e8 quasi degna di riso \u2026\u201d&nbsp; il resto del testo fornisce la chiave di lettura<br \/>\nal \u201cvade retro, vade mecum\u201d per Argonauti della Fantasia e Circumnavigatori della Macchia. Ma di quali \u201cmacchie\u201d stiamo parlando? Nel volume una serie di \u201cesercizi\u201d per la Circumnavigazione all\u2019insegna della creativit\u00e0. Sempre presente la figura misteriosa di Ermete: \u201c Son custode della porta, della lira l\u2019inventore e col caduceo mio divino t\u2019scompagno al tuo destino, chi di noi \u00e8 pi\u00f9 malandrino?\u201d.<\/div>\n<\/div>\n<\/div>\n","protected":false},"excerpt":{"rendered":"<p>&nbsp; Andromeda 08 Library vade retro vade mecum Autori: Arturo Croci &#8211; Pier Paderni pubblicazione MAnW Luglio 2025 Formato 28&#215;21 cm Rilegatura: Cartonato Pagine 96 a colori, Illustrazioni 98 Prezzo 25,00 euro DESCRIZIONE \u201cDedicato agli Argonauti della Fantasia e Circonvenzione della macchia\u201d una raccolta di testi, poesie, racconti improbabili, disegni estemporanei: dal Vaso di Pandora [&hellip;]<\/p>\n","protected":false},"author":1,"featured_media":0,"parent":255,"menu_order":0,"comment_status":"open","ping_status":"closed","template":"","meta":{"ngg_post_thumbnail":0,"footnotes":""},"class_list":["post-519","page","type-page","status-publish","hentry"],"_links":{"self":[{"href":"https:\/\/www.floracultura.it\/index.php\/wp-json\/wp\/v2\/pages\/519"}],"collection":[{"href":"https:\/\/www.floracultura.it\/index.php\/wp-json\/wp\/v2\/pages"}],"about":[{"href":"https:\/\/www.floracultura.it\/index.php\/wp-json\/wp\/v2\/types\/page"}],"author":[{"embeddable":true,"href":"https:\/\/www.floracultura.it\/index.php\/wp-json\/wp\/v2\/users\/1"}],"replies":[{"embeddable":true,"href":"https:\/\/www.floracultura.it\/index.php\/wp-json\/wp\/v2\/comments?post=519"}],"version-history":[{"count":15,"href":"https:\/\/www.floracultura.it\/index.php\/wp-json\/wp\/v2\/pages\/519\/revisions"}],"predecessor-version":[{"id":548,"href":"https:\/\/www.floracultura.it\/index.php\/wp-json\/wp\/v2\/pages\/519\/revisions\/548"}],"up":[{"embeddable":true,"href":"https:\/\/www.floracultura.it\/index.php\/wp-json\/wp\/v2\/pages\/255"}],"wp:attachment":[{"href":"https:\/\/www.floracultura.it\/index.php\/wp-json\/wp\/v2\/media?parent=519"}],"curies":[{"name":"wp","href":"https:\/\/api.w.org\/{rel}","templated":true}]}}