{"id":473,"date":"2024-01-20T08:56:29","date_gmt":"2024-01-20T08:56:29","guid":{"rendered":"https:\/\/www.floracultura.it\/?page_id=473"},"modified":"2024-01-20T09:24:59","modified_gmt":"2024-01-20T09:24:59","slug":"babilliria-2","status":"publish","type":"page","link":"https:\/\/www.floracultura.it\/index.php\/pubblicazioni\/babilliria-2\/","title":{"rendered":"I L\u00e8v\u00ebr al Castl\u00ebt S\u00fcl\u00e0ca e Ucm\u00e8r: I Levori &#8211; Castelletto Vezzolacca e Mocomero"},"content":{"rendered":"<p>&nbsp;<\/p>\n<p><img loading=\"lazy\" decoding=\"async\" class=\"wp-image-476 size-full aligncenter\" src=\"https:\/\/www.floracultura.it\/wp-content\/uploads\/2024\/01\/singola1.jpg\" alt=\"\" width=\"200\" height=\"291\"><\/p>\n<p class=\"has-medium-font-size\">ISBN 979-8873092574<\/p>\n<p>presentazione Giovanni Manzi &#8211; Claudio Carrai<\/p>\n<p>Autori: Arturo Croci&nbsp;<\/p>\n<p>Formato 13,97&#215;1,12&#215;21,59 cm<\/p>\n<p>brossura 100 pagine, 2 foto<\/p>\n<p>Copertina cartonata<\/p>\n<p>Prezzo 15,60 euro Iva compresa<\/p>\n<p><em><strong>Questo libro racconta la vita nel dopoguerra nell\u2019alta Val Tolla (ora Val d\u2019Arda). Questa \u00e8 l\u2019edizione disponibile per tutti in Amazon; la prima, a tiratura limitata e numerata \u00e8 fuori commercio e riservata alle famiglie dei personaggi citati nel libro.<\/strong><\/em><\/p>\n<p class=\"has-medium-font-size\"><em>DESCRIZIONE<\/em><\/p>\n<div class=\"a-expander-content a-expander-partial-collapse-content a-expander-content-expanded\" aria-expanded=\"true\">\n<p><span class=\"a-text-bold\">Arturo Croci, amico, poeta, scrittore, filosofo e profondo conoscitore della floricoltura mondiale, ha viaggiato e conosciuto innumerevoli paesi e persone ma la nat\u00eca Valtolla (Val d&#8217;Arda, provincia di Piacenza) \u00e8 sempre rimasta il suo centro di gravit\u00e0 imprescindibile. Una calamita che ancora oggi lo porta, appena pu\u00f2, nella sua Mocomero a meditare e cercare se stesso tra le mura intrise di ricordi della sua valle montana, davanti a un focolare che crepita. E cosa pu\u00f2 aiutarlo di pi\u00f9 in questa ricerca introspettiva se non rivivere (e farci rivivere) sulla carta episodi del suo passato lontano nell\u2019idioma che ha segnato la sua fanciullezza? Una serie di poesie in prosa dialettale in piacentino, una lingua quasi incomprensibile ai pi\u00f9 (anch\u2019io tra questi) ma che decrittata (ovvero con la traduzione in italiano a fianco) ci porta in una atmosfera bucolica, fatta di sentori di fieno, di grano, di salumi e di odori della campagna e dei suoi animali, di polvere e di sudore, di semplicit\u00e0 e di profondi legami umani di un tempo andato, cos\u00ec diverso da quello che viviamo oggigiorno. <\/span><em><span class=\"a-text-italic\">Claudio Carrai<\/span><\/em><\/p>\n<\/div>\n<p>&nbsp;<\/p>\n","protected":false},"excerpt":{"rendered":"<p>&nbsp; ISBN 979-8873092574 presentazione Giovanni Manzi &#8211; Claudio Carrai Autori: Arturo Croci&nbsp; Formato 13,97&#215;1,12&#215;21,59 cm brossura 100 pagine, 2 foto Copertina cartonata Prezzo 15,60 euro Iva compresa Questo libro racconta la vita nel dopoguerra nell\u2019alta Val Tolla (ora Val d\u2019Arda). Questa \u00e8 l\u2019edizione disponibile per tutti in Amazon; la prima, a tiratura limitata e numerata [&hellip;]<\/p>\n","protected":false},"author":1,"featured_media":0,"parent":255,"menu_order":0,"comment_status":"open","ping_status":"closed","template":"","meta":{"ngg_post_thumbnail":0,"footnotes":""},"class_list":["post-473","page","type-page","status-publish","hentry"],"_links":{"self":[{"href":"https:\/\/www.floracultura.it\/index.php\/wp-json\/wp\/v2\/pages\/473"}],"collection":[{"href":"https:\/\/www.floracultura.it\/index.php\/wp-json\/wp\/v2\/pages"}],"about":[{"href":"https:\/\/www.floracultura.it\/index.php\/wp-json\/wp\/v2\/types\/page"}],"author":[{"embeddable":true,"href":"https:\/\/www.floracultura.it\/index.php\/wp-json\/wp\/v2\/users\/1"}],"replies":[{"embeddable":true,"href":"https:\/\/www.floracultura.it\/index.php\/wp-json\/wp\/v2\/comments?post=473"}],"version-history":[{"count":6,"href":"https:\/\/www.floracultura.it\/index.php\/wp-json\/wp\/v2\/pages\/473\/revisions"}],"predecessor-version":[{"id":482,"href":"https:\/\/www.floracultura.it\/index.php\/wp-json\/wp\/v2\/pages\/473\/revisions\/482"}],"up":[{"embeddable":true,"href":"https:\/\/www.floracultura.it\/index.php\/wp-json\/wp\/v2\/pages\/255"}],"wp:attachment":[{"href":"https:\/\/www.floracultura.it\/index.php\/wp-json\/wp\/v2\/media?parent=473"}],"curies":[{"name":"wp","href":"https:\/\/api.w.org\/{rel}","templated":true}]}}