{"id":464,"date":"2023-07-26T06:54:49","date_gmt":"2023-07-26T06:54:49","guid":{"rendered":"https:\/\/www.floracultura.it\/?page_id=464"},"modified":"2023-07-26T07:06:06","modified_gmt":"2023-07-26T07:06:06","slug":"coma-la-vida-en-otro-tiempo","status":"publish","type":"page","link":"https:\/\/www.floracultura.it\/index.php\/pubblicazioni\/coma-la-vida-en-otro-tiempo\/","title":{"rendered":"Coma \u2013 La vida en otro tiempo"},"content":{"rendered":"<div class=\"yahoo-style-wrap\" style=\"font-size: 16px; font-family: garamond, new york, times, serif;\">\n<div dir=\"ltr\" data-setdir=\"false\">La versione in lingua spagnola del libro di Arturo Croci \u201cComa &#8211; La vida en otro tiempo\u201d tradotta da John Eric Jackson sar\u00e0 disponibile sulla piattaforma Amazon e altre a partire dal 18 settembre 2023.<\/div>\n<\/div>\n<p><img loading=\"lazy\" decoding=\"async\" class=\"wp-image-467 size-medium aligncenter\" src=\"https:\/\/www.floracultura.it\/wp-content\/uploads\/2023\/07\/Coma3-300x223.jpg\" alt=\"\" width=\"300\" height=\"223\" srcset=\"https:\/\/www.floracultura.it\/wp-content\/uploads\/2023\/07\/Coma3-300x223.jpg 300w, https:\/\/www.floracultura.it\/wp-content\/uploads\/2023\/07\/Coma3.jpg 600w\" sizes=\"(max-width: 300px) 100vw, 300px\" \/><\/p>\n<p>En un mes de vida pasado en coma, Arturo vivi\u00f3 m\u00e1s de 50 a\u00f1os en \u201cotro tiempo\u201d, otro universo? \u201cPara m\u00ed esa vida era real, igual que esta\u201d.<\/p>\n<p><img loading=\"lazy\" decoding=\"async\" class=\"size-medium wp-image-468 aligncenter\" src=\"https:\/\/www.floracultura.it\/wp-content\/uploads\/2023\/07\/Coma2-206x300.jpg\" alt=\"\" width=\"206\" height=\"300\" srcset=\"https:\/\/www.floracultura.it\/wp-content\/uploads\/2023\/07\/Coma2-206x300.jpg 206w, https:\/\/www.floracultura.it\/wp-content\/uploads\/2023\/07\/Coma2.jpg 600w\" sizes=\"(max-width: 206px) 100vw, 206px\" \/><\/p>\n","protected":false},"excerpt":{"rendered":"<p>La versione in lingua spagnola del libro di Arturo Croci \u201cComa &#8211; La vida en otro tiempo\u201d tradotta da John Eric Jackson sar\u00e0 disponibile sulla piattaforma Amazon e altre a partire dal 18 settembre 2023. En un mes de vida pasado en coma, Arturo vivi\u00f3 m\u00e1s de 50 a\u00f1os en \u201cotro tiempo\u201d, otro universo? \u201cPara [&hellip;]<\/p>\n","protected":false},"author":1,"featured_media":0,"parent":255,"menu_order":0,"comment_status":"open","ping_status":"closed","template":"","meta":{"ngg_post_thumbnail":0,"footnotes":""},"class_list":["post-464","page","type-page","status-publish","hentry"],"_links":{"self":[{"href":"https:\/\/www.floracultura.it\/index.php\/wp-json\/wp\/v2\/pages\/464"}],"collection":[{"href":"https:\/\/www.floracultura.it\/index.php\/wp-json\/wp\/v2\/pages"}],"about":[{"href":"https:\/\/www.floracultura.it\/index.php\/wp-json\/wp\/v2\/types\/page"}],"author":[{"embeddable":true,"href":"https:\/\/www.floracultura.it\/index.php\/wp-json\/wp\/v2\/users\/1"}],"replies":[{"embeddable":true,"href":"https:\/\/www.floracultura.it\/index.php\/wp-json\/wp\/v2\/comments?post=464"}],"version-history":[{"count":4,"href":"https:\/\/www.floracultura.it\/index.php\/wp-json\/wp\/v2\/pages\/464\/revisions"}],"predecessor-version":[{"id":470,"href":"https:\/\/www.floracultura.it\/index.php\/wp-json\/wp\/v2\/pages\/464\/revisions\/470"}],"up":[{"embeddable":true,"href":"https:\/\/www.floracultura.it\/index.php\/wp-json\/wp\/v2\/pages\/255"}],"wp:attachment":[{"href":"https:\/\/www.floracultura.it\/index.php\/wp-json\/wp\/v2\/media?parent=464"}],"curies":[{"name":"wp","href":"https:\/\/api.w.org\/{rel}","templated":true}]}}