{"id":447,"date":"2023-05-19T08:51:57","date_gmt":"2023-05-19T08:51:57","guid":{"rendered":"https:\/\/www.floracultura.it\/?page_id=447"},"modified":"2023-05-19T08:54:10","modified_gmt":"2023-05-19T08:54:10","slug":"photinia-pittosporo-idesia","status":"publish","type":"page","link":"https:\/\/www.floracultura.it\/index.php\/pubblicazioni\/photinia-pittosporo-idesia\/","title":{"rendered":"Photinia &#8211; Pittosporo &#8211; Idesia"},"content":{"rendered":"<p>&nbsp;<\/p>\n<p><img loading=\"lazy\" decoding=\"async\" class=\"alignnone wp-image-449 size-full aligncenter\" src=\"https:\/\/www.floracultura.it\/wp-content\/uploads\/2023\/05\/photinia_small.jpg\" alt=\"\" width=\"193\" height=\"256\"><\/p>\n<p class=\"has-medium-font-size\">ISBN 979-12-200-9250-0<\/p>\n<p>Formato 17&#215;23 cm<br \/>\nPagine: 96 a colori<br \/>\nCopertina a colori brossura<\/p>\n<p>Prezzo di vendita 10,00 euro + 5 spese spedizione<\/p>\n<p class=\"has-medium-font-size\"><em>DESCRIZIONE<\/em><\/p>\n<p>Questo libro cerca di fornire la conoscenza alla produzione e all\u2019utilizzo di una determinata variet\u00e0 vegetale. Al di l\u00e0 del valore utilitaristico, ornamentale edafico e commerciale le piante sono il nostro legame pi\u00f9 profondo con il mondo.<\/p>\n<p>&nbsp;<\/p>\n","protected":false},"excerpt":{"rendered":"<p>&nbsp; ISBN 979-12-200-9250-0 Formato 17&#215;23 cm Pagine: 96 a colori Copertina a colori brossura Prezzo di vendita 10,00 euro + 5 spese spedizione DESCRIZIONE Questo libro cerca di fornire la conoscenza alla produzione e all\u2019utilizzo di una determinata variet\u00e0 vegetale. Al di l\u00e0 del valore utilitaristico, ornamentale edafico e commerciale le piante sono il nostro [&hellip;]<\/p>\n","protected":false},"author":1,"featured_media":0,"parent":255,"menu_order":0,"comment_status":"open","ping_status":"closed","template":"","meta":{"ngg_post_thumbnail":0,"footnotes":""},"class_list":["post-447","page","type-page","status-publish","hentry"],"_links":{"self":[{"href":"https:\/\/www.floracultura.it\/index.php\/wp-json\/wp\/v2\/pages\/447"}],"collection":[{"href":"https:\/\/www.floracultura.it\/index.php\/wp-json\/wp\/v2\/pages"}],"about":[{"href":"https:\/\/www.floracultura.it\/index.php\/wp-json\/wp\/v2\/types\/page"}],"author":[{"embeddable":true,"href":"https:\/\/www.floracultura.it\/index.php\/wp-json\/wp\/v2\/users\/1"}],"replies":[{"embeddable":true,"href":"https:\/\/www.floracultura.it\/index.php\/wp-json\/wp\/v2\/comments?post=447"}],"version-history":[{"count":2,"href":"https:\/\/www.floracultura.it\/index.php\/wp-json\/wp\/v2\/pages\/447\/revisions"}],"predecessor-version":[{"id":450,"href":"https:\/\/www.floracultura.it\/index.php\/wp-json\/wp\/v2\/pages\/447\/revisions\/450"}],"up":[{"embeddable":true,"href":"https:\/\/www.floracultura.it\/index.php\/wp-json\/wp\/v2\/pages\/255"}],"wp:attachment":[{"href":"https:\/\/www.floracultura.it\/index.php\/wp-json\/wp\/v2\/media?parent=447"}],"curies":[{"name":"wp","href":"https:\/\/api.w.org\/{rel}","templated":true}]}}