{"id":379,"date":"2022-01-18T09:12:22","date_gmt":"2022-01-18T09:12:22","guid":{"rendered":"https:\/\/www.floracultura.it\/?page_id=379"},"modified":"2023-05-19T06:52:09","modified_gmt":"2023-05-19T06:52:09","slug":"babilliria","status":"publish","type":"page","link":"https:\/\/www.floracultura.it\/index.php\/pubblicazioni\/babilliria\/","title":{"rendered":"Babilliria"},"content":{"rendered":"<p>&nbsp;<\/p>\n<p><img loading=\"lazy\" decoding=\"async\" class=\"alignnone wp-image-371 size-medium aligncenter\" src=\"https:\/\/www.floracultura.it\/wp-content\/uploads\/2022\/01\/copertina_home-228x300.jpg\" alt=\"\" width=\"228\" height=\"300\" srcset=\"https:\/\/www.floracultura.it\/wp-content\/uploads\/2022\/01\/copertina_home-228x300.jpg 228w, https:\/\/www.floracultura.it\/wp-content\/uploads\/2022\/01\/copertina_home.jpg 250w\" sizes=\"(max-width: 228px) 100vw, 228px\" \/><\/p>\n<p class=\"has-medium-font-size\">ISBN 979-12-200-9251-7<\/p>\n<p>Autori: Arturo Croci &#8211; Pier Paderni&nbsp;&nbsp;&nbsp;<\/p>\n<p>280 pagine, 256 fotografie e disegni a colori<\/p>\n<p>Formato 235&#215;170 mm<\/p>\n<p>Copertina a colori, Brossura<\/p>\n<p>Editore: AWL Make Art not War<\/p>\n<p>In distribuzione da: Gennaio 2022<\/p>\n<p>Prezzo 24,00 euro Iva compresa<\/p>\n<p>&nbsp;<\/p>\n<p class=\"has-medium-font-size\"><em>DESCRIZIONE<\/em><\/p>\n<p>Babilliria deriverebbe dall&#8217;ebraico \u201cbalal\u201d, (confusione) ma secondo un etimo classico il nome deriva dalla lingua accadica \u201cbab-el\u201d, ovvero porta di dio, del cielo, dell&#8217;universo &#8230;, ogni uomo \u00e8 un universo, ogni episodio \u00e8 un universo &#8230; \u00c9 il gioco ha accomunato i due autori in avventure e viaggi creativi, dalla floricoltura alla rievocazione di segreti sentieri o sulle strade dell&#8217;oriente dove l&#8217;orizzonte si perde in nuvole cangianti &#8230;<\/p>\n<p>Disponibile anche la versione in lingua inglese.<\/p>\n<p>&nbsp;<\/p>\n","protected":false},"excerpt":{"rendered":"<p>&nbsp; ISBN 979-12-200-9251-7 Autori: Arturo Croci &#8211; Pier Paderni&nbsp;&nbsp;&nbsp; 280 pagine, 256 fotografie e disegni a colori Formato 235&#215;170 mm Copertina a colori, Brossura Editore: AWL Make Art not War In distribuzione da: Gennaio 2022 Prezzo 24,00 euro Iva compresa &nbsp; DESCRIZIONE Babilliria deriverebbe dall&#8217;ebraico \u201cbalal\u201d, (confusione) ma secondo un etimo classico il nome deriva [&hellip;]<\/p>\n","protected":false},"author":1,"featured_media":0,"parent":255,"menu_order":0,"comment_status":"open","ping_status":"closed","template":"","meta":{"ngg_post_thumbnail":0,"footnotes":""},"class_list":["post-379","page","type-page","status-publish","hentry"],"_links":{"self":[{"href":"https:\/\/www.floracultura.it\/index.php\/wp-json\/wp\/v2\/pages\/379"}],"collection":[{"href":"https:\/\/www.floracultura.it\/index.php\/wp-json\/wp\/v2\/pages"}],"about":[{"href":"https:\/\/www.floracultura.it\/index.php\/wp-json\/wp\/v2\/types\/page"}],"author":[{"embeddable":true,"href":"https:\/\/www.floracultura.it\/index.php\/wp-json\/wp\/v2\/users\/1"}],"replies":[{"embeddable":true,"href":"https:\/\/www.floracultura.it\/index.php\/wp-json\/wp\/v2\/comments?post=379"}],"version-history":[{"count":7,"href":"https:\/\/www.floracultura.it\/index.php\/wp-json\/wp\/v2\/pages\/379\/revisions"}],"predecessor-version":[{"id":425,"href":"https:\/\/www.floracultura.it\/index.php\/wp-json\/wp\/v2\/pages\/379\/revisions\/425"}],"up":[{"embeddable":true,"href":"https:\/\/www.floracultura.it\/index.php\/wp-json\/wp\/v2\/pages\/255"}],"wp:attachment":[{"href":"https:\/\/www.floracultura.it\/index.php\/wp-json\/wp\/v2\/media?parent=379"}],"curies":[{"name":"wp","href":"https:\/\/api.w.org\/{rel}","templated":true}]}}