{"id":301,"date":"2021-02-11T07:14:59","date_gmt":"2021-02-11T07:14:59","guid":{"rendered":"https:\/\/www.floracultura.it\/?page_id=301"},"modified":"2021-02-11T07:14:59","modified_gmt":"2021-02-11T07:14:59","slug":"i-fiori-galleggianti","status":"publish","type":"page","link":"https:\/\/www.floracultura.it\/index.php\/pubblicazioni\/i-fiori-galleggianti\/","title":{"rendered":"I fiori galleggianti"},"content":{"rendered":"<p><img loading=\"lazy\" decoding=\"async\" class=\"wp-image-302 size-full aligncenter\" src=\"https:\/\/www.floracultura.it\/wp-content\/uploads\/2021\/02\/p11_2.jpg\" alt=\"\" width=\"193\" height=\"278\"><\/p>\n<p class=\"has-medium-font-size\">ISBN 978-88-87387-28-5<\/p>\n<p class=\"has-medium-font-size\">Di Gabriella Lantero. Anno 2010<\/p>\n<p class=\"has-medium-font-size\">Presentazione: Arturo Croci, Francesco Guccini, Elio Scordamaglia. Formato: 21&#215;29,7 cm, Pagine: 200 pi\u00f9 copertina in cartoncino, sovracoperta a colori + cofanetto; 221 foto esclusive a colori. Prezzo 60,00 euro. Gabriella Lantero (Lady in Purple, cos\u00ec \u00e8 chiamata la fiorista italiana delle dive e delle celebrit\u00e0. Premio Garofano d\u2019Argento 2010.<\/p>\n<p class=\"has-medium-font-size\"><em>DESCRIZIONE<\/em><\/p>\n<p class=\"has-medium-font-size\">Le oltre 200 foto a colori presentano alcune delle pi\u00f9 belle composizioni floreali di Gabriella, realizzate per i momenti pi\u00f9 ordinari e per gli eventi pi\u00f9 esclusivi come il G8 di Genova, il Festival di Sanremo o il Club Tenco. I fiori e l\u2019arte di Gabriella sono per la gente comune ma anche per le personalit\u00e0 e le navi pi\u00f9 prestigiose del mondo, non importa in quale porto del pianeta siano, i fiori e l\u2019arte di Gabriella le raggiungono ovunque. Questo \u00e8 un libro che ricorda ma anche insegna che cosa sia la bellezza:&nbsp; dei fiori, dell&#8217;amicizia, del vivere.<\/p>\n","protected":false},"excerpt":{"rendered":"<p>ISBN 978-88-87387-28-5 Di Gabriella Lantero. Anno 2010 Presentazione: Arturo Croci, Francesco Guccini, Elio Scordamaglia. Formato: 21&#215;29,7 cm, Pagine: 200 pi\u00f9 copertina in cartoncino, sovracoperta a colori + cofanetto; 221 foto esclusive a colori. Prezzo 60,00 euro. Gabriella Lantero (Lady in Purple, cos\u00ec \u00e8 chiamata la fiorista italiana delle dive e delle celebrit\u00e0. Premio Garofano d\u2019Argento [&hellip;]<\/p>\n","protected":false},"author":1,"featured_media":0,"parent":255,"menu_order":0,"comment_status":"open","ping_status":"closed","template":"","meta":{"ngg_post_thumbnail":0,"footnotes":""},"class_list":["post-301","page","type-page","status-publish","hentry"],"_links":{"self":[{"href":"https:\/\/www.floracultura.it\/index.php\/wp-json\/wp\/v2\/pages\/301"}],"collection":[{"href":"https:\/\/www.floracultura.it\/index.php\/wp-json\/wp\/v2\/pages"}],"about":[{"href":"https:\/\/www.floracultura.it\/index.php\/wp-json\/wp\/v2\/types\/page"}],"author":[{"embeddable":true,"href":"https:\/\/www.floracultura.it\/index.php\/wp-json\/wp\/v2\/users\/1"}],"replies":[{"embeddable":true,"href":"https:\/\/www.floracultura.it\/index.php\/wp-json\/wp\/v2\/comments?post=301"}],"version-history":[{"count":1,"href":"https:\/\/www.floracultura.it\/index.php\/wp-json\/wp\/v2\/pages\/301\/revisions"}],"predecessor-version":[{"id":303,"href":"https:\/\/www.floracultura.it\/index.php\/wp-json\/wp\/v2\/pages\/301\/revisions\/303"}],"up":[{"embeddable":true,"href":"https:\/\/www.floracultura.it\/index.php\/wp-json\/wp\/v2\/pages\/255"}],"wp:attachment":[{"href":"https:\/\/www.floracultura.it\/index.php\/wp-json\/wp\/v2\/media?parent=301"}],"curies":[{"name":"wp","href":"https:\/\/api.w.org\/{rel}","templated":true}]}}