{"id":30,"date":"2021-01-29T14:47:53","date_gmt":"2021-01-29T14:47:53","guid":{"rendered":"https:\/\/www.floracultura.it\/?page_id=30"},"modified":"2025-12-03T08:01:30","modified_gmt":"2025-12-03T08:01:30","slug":"home-page","status":"publish","type":"page","link":"https:\/\/www.floracultura.it\/","title":{"rendered":"Home"},"content":{"rendered":"\r\n<h3 style=\"text-align: center;\"><strong><span style=\"color: #ff0000;\">&nbsp;<\/span><\/strong><\/h3>\r\n<p>&nbsp;<\/p>\r\n<p style=\"text-align: center;\"><img loading=\"lazy\" decoding=\"async\" class=\"alignnone wp-image-527 size-full\" src=\"https:\/\/www.floracultura.it\/wp-content\/uploads\/2025\/07\/home_nuova.jpg\" alt=\"\" width=\"1200\" height=\"598\" srcset=\"https:\/\/www.floracultura.it\/wp-content\/uploads\/2025\/07\/home_nuova.jpg 1200w, https:\/\/www.floracultura.it\/wp-content\/uploads\/2025\/07\/home_nuova-300x150.jpg 300w, https:\/\/www.floracultura.it\/wp-content\/uploads\/2025\/07\/home_nuova-1024x510.jpg 1024w, https:\/\/www.floracultura.it\/wp-content\/uploads\/2025\/07\/home_nuova-768x383.jpg 768w\" sizes=\"(max-width: 1200px) 100vw, 1200px\" \/><\/p>\r\n<hr>\r\n<div>&nbsp;<\/div>\r\n<div>\r\n<div>&nbsp;<\/div>\r\n<div style=\"text-align: center;\">\r\n<h5 style=\"text-align: center;\">03 DICEMBRE 2025<\/h5>\r\n<strong>Coma \u2013 La vie dans un autre temps<\/strong><b><br><\/b><\/div>\r\n<div>&nbsp;<\/div>\r\n<div><img loading=\"lazy\" decoding=\"async\" class=\"aligncenter wp-image-557 size-full\" src=\"https:\/\/www.floracultura.it\/wp-content\/uploads\/2025\/12\/Coma-fr.jpg\" alt=\"Coma\" width=\"1000\" height=\"1197\" srcset=\"https:\/\/www.floracultura.it\/wp-content\/uploads\/2025\/12\/Coma-fr.jpg 1000w, https:\/\/www.floracultura.it\/wp-content\/uploads\/2025\/12\/Coma-fr-251x300.jpg 251w, https:\/\/www.floracultura.it\/wp-content\/uploads\/2025\/12\/Coma-fr-855x1024.jpg 855w, https:\/\/www.floracultura.it\/wp-content\/uploads\/2025\/12\/Coma-fr-768x919.jpg 768w\" sizes=\"(max-width: 1000px) 100vw, 1000px\" \/><\/div>\r\n<div>&nbsp;<\/div>\r\n<div>\r\n<div>\r\n<div class=\"ydp631924dbyahoo-style-wrap\">\r\n<div dir=\"ltr\" data-setdir=\"false\">\r\n<div>\r\n<div class=\"ydp631924dbyahoo-style-wrap\">\r\n<div dir=\"ltr\" data-setdir=\"false\">\r\n<div>&nbsp;<\/div>\r\n<div>\r\n<p style=\"text-align: center;\"><span style=\"font-family: Arial, sans-serif;\">Un racconto toccante tra realt\u00e0 e mistero in Coma &#8211; La vita in un altro tempo, Arturo Croci ci accompagna in un\u2019esperienza unica, al crocevia tra realt\u00e0, memoria e immaginazione. <\/span>&#8230;..<\/p>\r\n<\/div>\r\n<\/div>\r\n<\/div>\r\n<\/div>\r\n<\/div>\r\n<\/div>\r\n<\/div>\r\n<\/div>\r\n<p><a href=\"https:\/\/www.floracultura.it\/index.php\/pubblicazioni\/coma-la-vie-dans-un-autre-temps\/\"><em>Vedi scheda completa d&#8217;acquisto<\/em><\/a><\/p>\r\n<hr>\r\n<h5>&nbsp;<\/h5>\r\n<\/div>\r\n<div style=\"text-align: center;\">\r\n<h5>29 LUGLIO 2025<\/h5>\r\n<b>vade retro vade mecum<br><\/b><\/div>\r\n<div>&nbsp;<\/div>\r\n<div><img loading=\"lazy\" decoding=\"async\" class=\"aligncenter wp-image-532 size-full\" src=\"https:\/\/www.floracultura.it\/wp-content\/uploads\/2025\/07\/3-Vademecum.jpg\" alt=\"\" width=\"1000\" height=\"729\" srcset=\"https:\/\/www.floracultura.it\/wp-content\/uploads\/2025\/07\/3-Vademecum.jpg 1000w, https:\/\/www.floracultura.it\/wp-content\/uploads\/2025\/07\/3-Vademecum-300x219.jpg 300w, https:\/\/www.floracultura.it\/wp-content\/uploads\/2025\/07\/3-Vademecum-768x560.jpg 768w\" sizes=\"(max-width: 1000px) 100vw, 1000px\" \/><\/div>\r\n<div>&nbsp;<\/div>\r\n<div>\r\n<div>\r\n<div class=\"ydp631924dbyahoo-style-wrap\" style=\"font-size: 18px; font-family: garamond, new york, times, serif;\">\r\n<div dir=\"ltr\" data-setdir=\"false\">\r\n<div>\r\n<div class=\"ydp631924dbyahoo-style-wrap\" style=\"font-size: 18px; font-family: garamond, new york, times, serif;\">\r\n<div dir=\"ltr\" data-setdir=\"false\">\r\n<div>&nbsp;<\/div>\r\n<p style=\"text-align: center;\"><span style=\"font-family: Arial, sans-serif;\">\u201cDedicato agli Argonauti della Fantasia&nbsp; e Circonvenzione della macchia\u201d una raccolta di testi, poesie, racconti improbabili, disegni estemporanei: dal Vaso di Pandora o di Arturo Croci e Pier Paderni &#8230;..<\/span>&#8230;..<\/p>\r\n<\/div>\r\n<\/div>\r\n<\/div>\r\n<\/div>\r\n<\/div>\r\n<\/div>\r\n<\/div>\r\n<p><a href=\"https:\/\/www.floracultura.it\/index.php\/pubblicazioni\/andromeda-08-library-vade-retro-vade-mecum\/\"><em>Vedi scheda completa d&#8217;acquisto<\/em><\/a><\/p>\r\n<hr>\r\n<h5 style=\"text-align: center;\">18 AGOSTO 2024<\/h5>\r\n<p><img loading=\"lazy\" decoding=\"async\" class=\"aligncenter wp-image-501 size-full\" src=\"https:\/\/www.floracultura.it\/wp-content\/uploads\/2024\/08\/Andromeda-ApologiaHOME.jpg\" alt=\"\" width=\"700\" height=\"515\" srcset=\"https:\/\/www.floracultura.it\/wp-content\/uploads\/2024\/08\/Andromeda-ApologiaHOME.jpg 700w, https:\/\/www.floracultura.it\/wp-content\/uploads\/2024\/08\/Andromeda-ApologiaHOME-300x221.jpg 300w\" sizes=\"(max-width: 700px) 100vw, 700px\" \/><\/p>\r\n<p style=\"text-align: center;\">Estetica un campo vasto, a volte terreno di battaglia, su cui si sono versati fiumi di inchiostro &#8230;..<br>Di Arturo Croci e Pier Paderni<\/p>\r\n<p><a href=\"https:\/\/www.floracultura.it\/index.php\/pubblicazioni\/andromeda-08-library-apologia-dellestetica\/\"><em>Vedi Scheda completa d\u2019acquisto<\/em><\/a><\/p>\r\n<hr>\r\n<h5 style=\"text-align: center;\">20 GENNAIO 2024<\/h5>\r\n<p><img loading=\"lazy\" decoding=\"async\" class=\"aligncenter wp-image-479 size-full\" src=\"https:\/\/www.floracultura.it\/wp-content\/uploads\/2024\/01\/singola.jpg\" alt=\"\" width=\"600\" height=\"873\" srcset=\"https:\/\/www.floracultura.it\/wp-content\/uploads\/2024\/01\/singola.jpg 600w, https:\/\/www.floracultura.it\/wp-content\/uploads\/2024\/01\/singola-206x300.jpg 206w\" sizes=\"(max-width: 600px) 100vw, 600px\" \/><\/p>\r\n<p style=\"text-align: center;\">la vita nel dopoguerra nell\u2019alta Val Tolla (ora Val d\u2019Arda)<br>Di Arturo Croci<\/p>\r\n<p style=\"text-align: center;\"><a href=\"https:\/\/www.floracultura.it\/index.php\/pubblicazioni\/babilliria-2\/\"><em>Vedi Scheda completa d\u2019acquisto<\/em><\/a><\/p>\r\n<hr>\r\n<h5 style=\"text-align: center;\">19 MAGGIO 2023<\/h5>\r\n<p style=\"text-align: center;\"><img loading=\"lazy\" decoding=\"async\" class=\"alignnone wp-image-439 size-full\" src=\"https:\/\/www.floracultura.it\/wp-content\/uploads\/2023\/05\/andromeda_08.jpg\" alt=\"\" width=\"768\" height=\"768\" srcset=\"https:\/\/www.floracultura.it\/wp-content\/uploads\/2023\/05\/andromeda_08.jpg 768w, https:\/\/www.floracultura.it\/wp-content\/uploads\/2023\/05\/andromeda_08-300x300.jpg 300w, https:\/\/www.floracultura.it\/wp-content\/uploads\/2023\/05\/andromeda_08-150x150.jpg 150w, https:\/\/www.floracultura.it\/wp-content\/uploads\/2023\/05\/andromeda_08-200x200.jpg 200w, https:\/\/www.floracultura.it\/wp-content\/uploads\/2023\/05\/andromeda_08-100x100.jpg 100w\" sizes=\"(max-width: 768px) 100vw, 768px\" \/><\/p>\r\n<p style=\"text-align: center;\">Il libro degli argonauti della fantasia.<br>Di Arturo Croci e Pier Paderni<\/p>\r\n<p style=\"text-align: center;\"><a href=\"https:\/\/www.floracultura.it\/index.php\/pubblicazioni\/andromeda-08\/\"><em>Vedi Scheda completa d\u2019acquisto<\/em><\/a><\/p>\r\n<hr>\r\n<p style=\"text-align: center;\"><img loading=\"lazy\" decoding=\"async\" class=\"alignnone wp-image-416 size-large\" src=\"https:\/\/www.floracultura.it\/wp-content\/uploads\/2022\/12\/003-576x1024.jpg\" alt=\"\" width=\"576\" height=\"1024\" srcset=\"https:\/\/www.floracultura.it\/wp-content\/uploads\/2022\/12\/003-576x1024.jpg 576w, https:\/\/www.floracultura.it\/wp-content\/uploads\/2022\/12\/003-169x300.jpg 169w, https:\/\/www.floracultura.it\/wp-content\/uploads\/2022\/12\/003.jpg 600w\" sizes=\"(max-width: 576px) 100vw, 576px\" \/><\/p>\r\n<p style=\"text-align: center;\">Nuovo libro di poesie di Arturo illustrato da #OsvaldoFilisetti \u2026\u201dE\u2019 molto pi\u00f9 di un semplice libro, \u00e8 una promessa mantenuta a un amico che ora \u00e8 oltre lo spazio e il tempo\u201d.<br>Presentazione di #GiampieroNeri e di #CarlaMaffini, progetto grafico di #SimoneSolari.<\/p>\r\n<p style=\"text-align: center;\"><a href=\"https:\/\/www.floracultura.it\/index.php\/pubblicazioni\/immagini\/\"><em>Vedi Scheda completa d\u2019acquisto<\/em><\/a><\/p>\r\n<p>&nbsp;<\/p>\r\n<hr>\r\n<h6 style=\"text-align: center;\">13 OTTOBRE 2021<\/h6>\r\n<h6><img loading=\"lazy\" decoding=\"async\" class=\"aligncenter wp-image-362 size-large\" src=\"https:\/\/www.floracultura.it\/wp-content\/uploads\/2021\/09\/LIBRO-CROCI-SERRA-FOTO_THE-ORIGIN-1024x683.jpg\" alt=\"\" width=\"665\" height=\"444\" srcset=\"https:\/\/www.floracultura.it\/wp-content\/uploads\/2021\/09\/LIBRO-CROCI-SERRA-FOTO_THE-ORIGIN-1024x683.jpg 1024w, https:\/\/www.floracultura.it\/wp-content\/uploads\/2021\/09\/LIBRO-CROCI-SERRA-FOTO_THE-ORIGIN-300x200.jpg 300w, https:\/\/www.floracultura.it\/wp-content\/uploads\/2021\/09\/LIBRO-CROCI-SERRA-FOTO_THE-ORIGIN-768x512.jpg 768w, https:\/\/www.floracultura.it\/wp-content\/uploads\/2021\/09\/LIBRO-CROCI-SERRA-FOTO_THE-ORIGIN.jpg 1500w\" sizes=\"(max-width: 665px) 100vw, 665px\" \/><\/h6>\r\n<p style=\"text-align: center;\">Presentato c\/o Scuola di Minoprio, V.le Raimondi 54 &#8211; 22070 Vertemate con Minoprio (CO)<br>di Arturo Croci e Giovanni Serra<br>Introduzione: Margherita Beruto<br>5 anni di ricerche e lavoro, per una pubblicazione unica nel panorama librario orticolo mondiale.<\/p>\r\n<p>Per info e prenotazioni: <a href=\"https:\/\/orticolario.it\/13-ottobre-2021-presentazione-del-libro-facitori-italiani-di-fiori-e-piante-ornamentali\/\" target=\"_blank\" rel=\"noopener\">VEDI<\/a><\/p>\r\n<hr>\r\n<h6>&nbsp;<\/h6>\r\n<h6 style=\"text-align: center;\">Arturo Croci, tecnico specializzato in floro-orto-frutticoltura e giardinaggio presso la Scuola di Minoprio (Como, St. Albans) e poi in filosofia e Scienza della Comunicazione, fonda la Ace International e la rivista di floricoltura e giardinaggio denominata \u201cFlortecnica\u201d la cui pubblicazione \u00e8 continuata sino al 31 dicembre del 2006, momento in cui \u00e8 stata ceduta ad altro editore.<\/h6>\r\n<h6 style=\"text-align: center;\">Arturo \u00e8 autore di diversi racconti e poesie e del libro \u201cComa &#8211; La vita in un altro tempo\u201d edito da Patrician Press che racconta la sua vita vissuta durante il coma presso gli Ospedali Riuniti di Bergamo dal 15 dicembre 2005 al 9 gennaio del 2006.<\/h6>\r\n<h6 style=\"text-align: center;\">L\u2019aorta si rompe ancora nel 2013, 5 interventi in 43 giorni ma Arturo sopravvive e completa la stesura di Coma nel marzo 2018 a Ban Kamala, Thailandia.<\/h6>\r\n\r\n\r\n\r\n\r\n\r\n\r\n\r\n<p>A seguire i link con le schede illustrative ed i collegamenti all&#8217;acquisto delle ultime pubblicazioni. Per tutte le altre, cliccare sulla voce &#8220;pubblicazioni&#8221; nel menu.<\/p>\r\n\r\n\r\n\r\n<div id=\"block-5f193d-658a-49\" class=\"wp-block-gutenbee-imagebox block-5f193d-658a-49 wp-block-gutenbee-imagebox-align-left\">\n<table id=\"tablepress-1\" class=\"tablepress tablepress-id-1\">\n<tbody>\n<tr class=\"row-1\">\n\t<td class=\"column-1\"><img loading=\"lazy\" decoding=\"async\" src=\"https:\/\/www.floracultura.it\/wp-content\/uploads\/2022\/01\/Sonetti-home-228x300.jpg\" alt=\"\" width=\"228\" height=\"300\" class=\"alignnone size-medium wp-image-398\" srcset=\"https:\/\/www.floracultura.it\/wp-content\/uploads\/2022\/01\/Sonetti-home-228x300.jpg 228w, https:\/\/www.floracultura.it\/wp-content\/uploads\/2022\/01\/Sonetti-home.jpg 250w\" sizes=\"(max-width: 228px) 100vw, 228px\" \/><\/td><td class=\"column-2\">Sonetti Livornesi<br \/>\nOmaggio a Furio il Re del fiore<br \/>\n<br \/>\ndi Arturo Croci con la collaborazione di Carlo Chionne e Claudio Carrai.<br \/>\n<br \/>\nPoesie e ballate goliardiche dl ciclo livornese, composte in diversi luoghi, momenti e occasioni in omaggio al \u201cRe del Fiore\u201d.<br \/>\n<br \/>\n<a href=\"https:\/\/www.floracultura.it\/index.php\/sonetti-livornesi\/\">Vedi scheda completa ed acquisto<\/a><\/td>\n<\/tr>\n<tr class=\"row-2\">\n\t<td class=\"column-1\"><img loading=\"lazy\" decoding=\"async\" src=\"https:\/\/www.floracultura.it\/wp-content\/uploads\/2022\/01\/Facitori-home-228x300.jpg\" alt=\"\" width=\"228\" height=\"300\" class=\"alignnone size-medium wp-image-387\" srcset=\"https:\/\/www.floracultura.it\/wp-content\/uploads\/2022\/01\/Facitori-home-228x300.jpg 228w, https:\/\/www.floracultura.it\/wp-content\/uploads\/2022\/01\/Facitori-home.jpg 250w\" sizes=\"(max-width: 228px) 100vw, 228px\" \/><\/td><td class=\"column-2\">Facitori Italiani di fiori e piante ornamentali, creativit\u00e0 e creazioni.<br \/>\n<br \/>\nLa storia dell'ottenimento varietale di fiori e piante in Italia e le prospettive future.<br \/>\n<br \/>\nDi Arturo Croci e Giovanni Serra<br \/>\n<br \/>\n<a href=\"https:\/\/www.floracultura.it\/index.php\/facitori\/\">Vedi scheda completa ed acquisto<\/a><\/td>\n<\/tr>\n<tr class=\"row-3\">\n\t<td class=\"column-1\"><img loading=\"lazy\" decoding=\"async\" src=\"https:\/\/www.floracultura.it\/wp-content\/uploads\/2022\/01\/copertina_home-228x300.jpg\" alt=\"\" width=\"228\" height=\"300\" class=\"alignnone size-medium wp-image-371\" srcset=\"https:\/\/www.floracultura.it\/wp-content\/uploads\/2022\/01\/copertina_home-228x300.jpg 228w, https:\/\/www.floracultura.it\/wp-content\/uploads\/2022\/01\/copertina_home.jpg 250w\" sizes=\"(max-width: 228px) 100vw, 228px\" \/><\/td><td class=\"column-2\">Babilliria<br \/>\n<br \/>\nPortale di universi, di Arturo Croci e Pier Paderni<br \/>\nBabilliria deriverebbe dall'ebraico \u201cbalal\u201d, (confusione) ma secondo un etimo classico il nome deriva dalla lingua accadica \u201cbab-el\u201d, ovvero porta di dio, del cielo, dell'universo ..., ogni uomo \u00e8 un universo, ogni episodio \u00e8 un universo ...<br \/>\n<br \/>\n<a href=\"https:\/\/www.floracultura.it\/index.php\/babilliria\/\">Vedi scheda completa ed acquisto<\/a><\/td>\n<\/tr>\n<tr class=\"row-4\">\n\t<td class=\"column-1\"><img loading=\"lazy\" decoding=\"async\" src=\"https:\/\/www.floracultura.it\/wp-content\/uploads\/2021\/01\/a3-228x300.jpg\" alt=\"\" width=\"228\" height=\"300\" class=\"alignnone size-medium wp-image-54\" srcset=\"https:\/\/www.floracultura.it\/wp-content\/uploads\/2021\/01\/a3-228x300.jpg 228w, https:\/\/www.floracultura.it\/wp-content\/uploads\/2021\/01\/a3.jpg 250w\" sizes=\"(max-width: 228px) 100vw, 228px\" \/><\/td><td class=\"column-2\">Coma \u2013 La vita in un altro tempo<br \/>\n<br \/>\nCOMA di Arturo Croci abbraccia un mondo oltre il tempo, oltre la realt\u00e0. Possiamo chiederci se sia possibile vivere due realt\u00e0: vivere in un mondo in cui il tempo non possa essere determinato o misurato e la risposta \u00e8 s\u00ec.<br \/>\n<br \/>\nDisponibile in lingua italiana ed inglese e dal 18 settembre 2023 in spagnolo: <a href=\"https:\/\/www.floracultura.it\/index.php\/coma-la-vida-en-otro-tiempo\/\">VEDI SCHEDA<\/a><br \/>\n<br \/>\n<a href=\"https:\/\/www.floracultura.it\/index.php\/coma-la-vita-in-un-altro-tempo\/\">Vedi scheda completa ed acquisto<\/a><\/td>\n<\/tr>\n<tr class=\"row-5\">\n\t<td class=\"column-1\"><img loading=\"lazy\" decoding=\"async\" src=\"https:\/\/www.floracultura.it\/wp-content\/uploads\/2021\/01\/a5-228x300.jpg\" alt=\"\" width=\"228\" height=\"300\" class=\"alignnone size-medium wp-image-55\" srcset=\"https:\/\/www.floracultura.it\/wp-content\/uploads\/2021\/01\/a5-228x300.jpg 228w, https:\/\/www.floracultura.it\/wp-content\/uploads\/2021\/01\/a5.jpg 250w\" sizes=\"(max-width: 228px) 100vw, 228px\" \/><\/td><td class=\"column-2\">Ritorni<br \/>\n<br \/>\nDi Arturo Croci, Monica Malzani, Silvia Leggio, Pier Paderni<br \/>\nAncora insieme dopo tanto tempo. Poesie e opere pittoriche senza tempo. Un libro unico, prezioso realizzato per anime leggere che sfidano lo spazio e il tempo.<br \/>\n<br \/>\n<a href=\"https:\/\/www.floracultura.it\/index.php\/ritorni\/\">Vedi scheda completa ed acquisto<\/a><\/td>\n<\/tr>\n<tr class=\"row-6\">\n\t<td class=\"column-1\"><img loading=\"lazy\" decoding=\"async\" src=\"https:\/\/www.floracultura.it\/wp-content\/uploads\/2021\/01\/a4-228x300.jpg\" alt=\"\" width=\"228\" height=\"300\" class=\"alignnone size-medium wp-image-56\" srcset=\"https:\/\/www.floracultura.it\/wp-content\/uploads\/2021\/01\/a4-228x300.jpg 228w, https:\/\/www.floracultura.it\/wp-content\/uploads\/2021\/01\/a4.jpg 250w\" sizes=\"(max-width: 228px) 100vw, 228px\" \/><\/td><td class=\"column-2\">Per Essere <br \/>\n<br \/>\nPresentato da Vincenza Papini \u00e8 una raccolta inedita di poesie di Arturo Croci in cui alla magia della parola distillata da intense esperienze di vita si unisce la suggestione delle immagini, modernamente evocative, realizzate da Pier Paderni.<br \/>\nDisponibile la versione inglese dal titolo \u201cSearching for Existence\u201d<br \/>\n<br \/>\n<a href=\"https:\/\/www.floracultura.it\/index.php\/per-essere\/\">Vedi scheda completa ed acquisto<\/a><\/td>\n<\/tr>\n<\/tbody>\n<\/table>\n<\/div>\r\n","protected":false},"excerpt":{"rendered":"<p>&nbsp; &nbsp; &nbsp; &nbsp; 03 DICEMBRE 2025 Coma \u2013 La vie dans un autre temps &nbsp; &nbsp; &nbsp; Un racconto toccante tra realt\u00e0 e mistero in Coma &#8211; La vita in un altro tempo, Arturo Croci ci accompagna in un\u2019esperienza unica, al crocevia tra realt\u00e0, memoria e immaginazione. &#8230;.. Vedi scheda completa d&#8217;acquisto &nbsp; 29 [&hellip;]<\/p>\n","protected":false},"author":1,"featured_media":0,"parent":0,"menu_order":0,"comment_status":"closed","ping_status":"closed","template":"","meta":{"ngg_post_thumbnail":0,"footnotes":""},"class_list":["post-30","page","type-page","status-publish","hentry"],"_links":{"self":[{"href":"https:\/\/www.floracultura.it\/index.php\/wp-json\/wp\/v2\/pages\/30"}],"collection":[{"href":"https:\/\/www.floracultura.it\/index.php\/wp-json\/wp\/v2\/pages"}],"about":[{"href":"https:\/\/www.floracultura.it\/index.php\/wp-json\/wp\/v2\/types\/page"}],"author":[{"embeddable":true,"href":"https:\/\/www.floracultura.it\/index.php\/wp-json\/wp\/v2\/users\/1"}],"replies":[{"embeddable":true,"href":"https:\/\/www.floracultura.it\/index.php\/wp-json\/wp\/v2\/comments?post=30"}],"version-history":[{"count":56,"href":"https:\/\/www.floracultura.it\/index.php\/wp-json\/wp\/v2\/pages\/30\/revisions"}],"predecessor-version":[{"id":559,"href":"https:\/\/www.floracultura.it\/index.php\/wp-json\/wp\/v2\/pages\/30\/revisions\/559"}],"wp:attachment":[{"href":"https:\/\/www.floracultura.it\/index.php\/wp-json\/wp\/v2\/media?parent=30"}],"curies":[{"name":"wp","href":"https:\/\/api.w.org\/{rel}","templated":true}]}}