{"id":203,"date":"2021-01-30T09:44:46","date_gmt":"2021-01-30T09:44:46","guid":{"rendered":"https:\/\/www.floracultura.it\/?page_id=203"},"modified":"2021-02-11T08:32:04","modified_gmt":"2021-02-11T08:32:04","slug":"viburni-per-lareale-mediterraneo","status":"publish","type":"page","link":"https:\/\/www.floracultura.it\/index.php\/pubblicazioni\/viburni-per-lareale-mediterraneo\/","title":{"rendered":"Viburni per l\u2019areale mediterraneo"},"content":{"rendered":"<p>&nbsp;<\/p>\n<p><img loading=\"lazy\" decoding=\"async\" class=\"wp-image-86 size-full aligncenter\" src=\"https:\/\/www.floracultura.it\/wp-content\/uploads\/2021\/01\/p26.jpg\" alt=\"\" width=\"193\" height=\"256\"><\/p>\n<p><strong>Biologia, ecofisiologia, coltivazione per l&#8217;uso ornamentale.<\/strong><\/p>\n<p>Di Carla Dalla Guda ed Enrico Farina, ricercatori presso il CRA, Istituto Sperimentale per la Floricoltura di Sanremo. 2004, ISBN 88-87387-10-9 (978-88-87387-10-0) Formato 17&#215;23 cm, 128 pagine, 180 illustrazioni a colori + disegni e grafici. Copertina, brossura. Prezzo: 30,00 \u20ac&nbsp;<\/p>\n<p>Il libro pi\u00f9 completo sui Viburni adatti ai climi mediterranei. Il volume descrive la propagazione, l&#8217;allevamento e le variet\u00e0 pi\u00f9 indicate per il nostro clima. Oltre alle variet\u00e0 da giardino e da siepe sono descritte anche le variet\u00e0 per fiore reciso. A seconda della variet\u00e0 pu\u00f2 essere&nbsp; necessario un tipo diverso di potatura e il libro d\u00e0 indicazioni precise e rigorose al riguardo.<\/p>\n<p>&nbsp;<\/p>\n","protected":false},"excerpt":{"rendered":"<p>&nbsp; Biologia, ecofisiologia, coltivazione per l&#8217;uso ornamentale. Di Carla Dalla Guda ed Enrico Farina, ricercatori presso il CRA, Istituto Sperimentale per la Floricoltura di Sanremo. 2004, ISBN 88-87387-10-9 (978-88-87387-10-0) Formato 17&#215;23 cm, 128 pagine, 180 illustrazioni a colori + disegni e grafici. Copertina, brossura. Prezzo: 30,00 \u20ac&nbsp; Il libro pi\u00f9 completo sui Viburni adatti ai [&hellip;]<\/p>\n","protected":false},"author":1,"featured_media":0,"parent":255,"menu_order":0,"comment_status":"open","ping_status":"closed","template":"","meta":{"ngg_post_thumbnail":0,"footnotes":""},"class_list":["post-203","page","type-page","status-publish","hentry"],"_links":{"self":[{"href":"https:\/\/www.floracultura.it\/index.php\/wp-json\/wp\/v2\/pages\/203"}],"collection":[{"href":"https:\/\/www.floracultura.it\/index.php\/wp-json\/wp\/v2\/pages"}],"about":[{"href":"https:\/\/www.floracultura.it\/index.php\/wp-json\/wp\/v2\/types\/page"}],"author":[{"embeddable":true,"href":"https:\/\/www.floracultura.it\/index.php\/wp-json\/wp\/v2\/users\/1"}],"replies":[{"embeddable":true,"href":"https:\/\/www.floracultura.it\/index.php\/wp-json\/wp\/v2\/comments?post=203"}],"version-history":[{"count":2,"href":"https:\/\/www.floracultura.it\/index.php\/wp-json\/wp\/v2\/pages\/203\/revisions"}],"predecessor-version":[{"id":348,"href":"https:\/\/www.floracultura.it\/index.php\/wp-json\/wp\/v2\/pages\/203\/revisions\/348"}],"up":[{"embeddable":true,"href":"https:\/\/www.floracultura.it\/index.php\/wp-json\/wp\/v2\/pages\/255"}],"wp:attachment":[{"href":"https:\/\/www.floracultura.it\/index.php\/wp-json\/wp\/v2\/media?parent=203"}],"curies":[{"name":"wp","href":"https:\/\/api.w.org\/{rel}","templated":true}]}}