{"id":137,"date":"2021-01-30T08:09:09","date_gmt":"2021-01-30T08:09:09","guid":{"rendered":"https:\/\/www.floracultura.it\/?page_id=137"},"modified":"2021-02-11T08:26:37","modified_gmt":"2021-02-11T08:26:37","slug":"campanula","status":"publish","type":"page","link":"https:\/\/www.floracultura.it\/index.php\/pubblicazioni\/campanula\/","title":{"rendered":"Campanula"},"content":{"rendered":"<p>&nbsp;<\/p>\n<p><img loading=\"lazy\" decoding=\"async\" class=\"wp-image-67 size-full aligncenter\" src=\"https:\/\/www.floracultura.it\/wp-content\/uploads\/2021\/01\/p6.jpg\" alt=\"\" width=\"193\" height=\"256\"><\/p>\n<p>Di Enrico Farina Carla Dalla Guda, Gli autori sono ricercatori presso il CRA, Istituto Sperimentale per la Floricoltura di Sanremo. 2006, ISBN 88-87387-15-X (978-88-87387-15-5). Formato 17&#215;23 cm, 240 pagine, 265 illustrazioni a colori + disegni e grafici. Copertina, brossura. Prezzo: 40,00 \u20ac<\/p>\n<p>Il libro \u00e8 diviso in due parti, nella prima sono trattati gli aspetti relativi all&#8217;origine, classificazione, la crescita della campanula, la risposta ai fattori climatici, la risposta al termo-fotoperiodo, i regolatori di crescita, la CO2, la propagazione, la nutrizione, la coltivazione, la conservazione e le avversit\u00e0; nella seconda parte vengono illustrate le caratteristiche, le modalit\u00e0 di propagazione e di coltivazione di 13 specie di Campanula. \u00c8 la guida pi\u00f9 completa oggi disponibile sul mercato.<\/p>\n<p>&nbsp;<\/p>\n<p>&nbsp;<\/p>\n<p>&nbsp;<\/p>\n","protected":false},"excerpt":{"rendered":"<p>&nbsp; Di Enrico Farina Carla Dalla Guda, Gli autori sono ricercatori presso il CRA, Istituto Sperimentale per la Floricoltura di Sanremo. 2006, ISBN 88-87387-15-X (978-88-87387-15-5). Formato 17&#215;23 cm, 240 pagine, 265 illustrazioni a colori + disegni e grafici. Copertina, brossura. Prezzo: 40,00 \u20ac Il libro \u00e8 diviso in due parti, nella prima sono trattati gli [&hellip;]<\/p>\n","protected":false},"author":1,"featured_media":0,"parent":255,"menu_order":0,"comment_status":"open","ping_status":"closed","template":"","meta":{"ngg_post_thumbnail":0,"footnotes":""},"class_list":["post-137","page","type-page","status-publish","hentry"],"_links":{"self":[{"href":"https:\/\/www.floracultura.it\/index.php\/wp-json\/wp\/v2\/pages\/137"}],"collection":[{"href":"https:\/\/www.floracultura.it\/index.php\/wp-json\/wp\/v2\/pages"}],"about":[{"href":"https:\/\/www.floracultura.it\/index.php\/wp-json\/wp\/v2\/types\/page"}],"author":[{"embeddable":true,"href":"https:\/\/www.floracultura.it\/index.php\/wp-json\/wp\/v2\/users\/1"}],"replies":[{"embeddable":true,"href":"https:\/\/www.floracultura.it\/index.php\/wp-json\/wp\/v2\/comments?post=137"}],"version-history":[{"count":2,"href":"https:\/\/www.floracultura.it\/index.php\/wp-json\/wp\/v2\/pages\/137\/revisions"}],"predecessor-version":[{"id":342,"href":"https:\/\/www.floracultura.it\/index.php\/wp-json\/wp\/v2\/pages\/137\/revisions\/342"}],"up":[{"embeddable":true,"href":"https:\/\/www.floracultura.it\/index.php\/wp-json\/wp\/v2\/pages\/255"}],"wp:attachment":[{"href":"https:\/\/www.floracultura.it\/index.php\/wp-json\/wp\/v2\/media?parent=137"}],"curies":[{"name":"wp","href":"https:\/\/api.w.org\/{rel}","templated":true}]}}