{"id":134,"date":"2021-01-30T08:05:48","date_gmt":"2021-01-30T08:05:48","guid":{"rendered":"https:\/\/www.floracultura.it\/?page_id=134"},"modified":"2021-02-11T08:33:58","modified_gmt":"2021-02-11T08:33:58","slug":"boxando-boxando","status":"publish","type":"page","link":"https:\/\/www.floracultura.it\/index.php\/pubblicazioni\/boxando-boxando\/","title":{"rendered":"Boxando \u2013 Boxando"},"content":{"rendered":"<p>&nbsp;<\/p>\n<p><img loading=\"lazy\" decoding=\"async\" class=\"wp-image-66 size-full aligncenter\" src=\"https:\/\/www.floracultura.it\/wp-content\/uploads\/2021\/01\/p5.jpg\" alt=\"\" width=\"193\" height=\"256\"><\/p>\n<p>Di Angelo Lamberti, fotografie di Lorenzo Ceva. 2004. ISBN 88-87387-07-9 (978-88-87387-07-0). 12 cm x 21,7 cm Pagine 108, brossura, 11 fotografie in b\/n, Prezzo: 10,00 \u20ac.<\/p>\n<p>Il sarcasmo di Lamberti in una pi\u00e8ce teatrale rappresentata molte volte a Mantova, Milano etc. <em>Polemos: <\/em>la guerra, la discordia. Il <em>ring <\/em>lambertiano in cui si pratica la <em>boxe <\/em>della vita \u00e8 plastico, dinamico. Di dubbia moralit\u00e0? Per le persone con una miope visione forse ma alla fine \u00e8 la storia di una \u2018famiglia\u2019 e di Ausonia (antico nome dello Stivale), depredata di tutto e di pi\u00f9, e specialmente da chi pi\u00f9 si mostra premuroso verso di lei. \u00c8 forse l\u2019opera pi\u00f9 rappresentativa di Angelo Lamberti, poeta e scrittore originario di Casteldario (Mantova).<\/p>\n<p>&nbsp;<\/p>\n<p>&nbsp;<\/p>\n","protected":false},"excerpt":{"rendered":"<p>&nbsp; Di Angelo Lamberti, fotografie di Lorenzo Ceva. 2004. ISBN 88-87387-07-9 (978-88-87387-07-0). 12 cm x 21,7 cm Pagine 108, brossura, 11 fotografie in b\/n, Prezzo: 10,00 \u20ac. Il sarcasmo di Lamberti in una pi\u00e8ce teatrale rappresentata molte volte a Mantova, Milano etc. Polemos: la guerra, la discordia. Il ring lambertiano in cui si pratica la [&hellip;]<\/p>\n","protected":false},"author":1,"featured_media":0,"parent":255,"menu_order":0,"comment_status":"open","ping_status":"closed","template":"","meta":{"ngg_post_thumbnail":0,"footnotes":""},"class_list":["post-134","page","type-page","status-publish","hentry"],"_links":{"self":[{"href":"https:\/\/www.floracultura.it\/index.php\/wp-json\/wp\/v2\/pages\/134"}],"collection":[{"href":"https:\/\/www.floracultura.it\/index.php\/wp-json\/wp\/v2\/pages"}],"about":[{"href":"https:\/\/www.floracultura.it\/index.php\/wp-json\/wp\/v2\/types\/page"}],"author":[{"embeddable":true,"href":"https:\/\/www.floracultura.it\/index.php\/wp-json\/wp\/v2\/users\/1"}],"replies":[{"embeddable":true,"href":"https:\/\/www.floracultura.it\/index.php\/wp-json\/wp\/v2\/comments?post=134"}],"version-history":[{"count":2,"href":"https:\/\/www.floracultura.it\/index.php\/wp-json\/wp\/v2\/pages\/134\/revisions"}],"predecessor-version":[{"id":350,"href":"https:\/\/www.floracultura.it\/index.php\/wp-json\/wp\/v2\/pages\/134\/revisions\/350"}],"up":[{"embeddable":true,"href":"https:\/\/www.floracultura.it\/index.php\/wp-json\/wp\/v2\/pages\/255"}],"wp:attachment":[{"href":"https:\/\/www.floracultura.it\/index.php\/wp-json\/wp\/v2\/media?parent=134"}],"curies":[{"name":"wp","href":"https:\/\/api.w.org\/{rel}","templated":true}]}}