{"id":131,"date":"2021-01-30T08:02:07","date_gmt":"2021-01-30T08:02:07","guid":{"rendered":"https:\/\/www.floracultura.it\/?page_id=131"},"modified":"2021-02-10T16:22:55","modified_gmt":"2021-02-10T16:22:55","slug":"adoro-il-lunedi","status":"publish","type":"page","link":"https:\/\/www.floracultura.it\/index.php\/pubblicazioni\/adoro-il-lunedi\/","title":{"rendered":"Adoro il luned\u00ec"},"content":{"rendered":"<p>&nbsp;<\/p>\n<p><img loading=\"lazy\" decoding=\"async\" class=\"wp-image-65 size-full aligncenter\" src=\"https:\/\/www.floracultura.it\/wp-content\/uploads\/2021\/01\/p4-1.jpg\" alt=\"\" width=\"193\" height=\"256\"><\/p>\n<p class=\"has-medium-font-size\">ISBN 978-88-87387-26-1<\/p>\n<p class=\"has-medium-font-size\"><em>DESCRIZIONE<\/em><\/p>\n<p class=\"has-medium-font-size\">Una storia d\u2019amore vera, per Lari\u00e7io il luned\u00ec \u00e8 il ritorno di Ayana e quindi dell\u2019amore, anche se, consapevolmente, comincer\u00e0 a perdere contatto con la realt\u00e0 e con se stesso. Questa storia rappresenta un percorso, molto doloroso, alla ricerca di un universo da vivere in due.<\/p>\n<p>&nbsp;<\/p>\n","protected":false},"excerpt":{"rendered":"<p>&nbsp; ISBN 978-88-87387-26-1 DESCRIZIONE Una storia d\u2019amore vera, per Lari\u00e7io il luned\u00ec \u00e8 il ritorno di Ayana e quindi dell\u2019amore, anche se, consapevolmente, comincer\u00e0 a perdere contatto con la realt\u00e0 e con se stesso. Questa storia rappresenta un percorso, molto doloroso, alla ricerca di un universo da vivere in due. &nbsp;<\/p>\n","protected":false},"author":1,"featured_media":0,"parent":255,"menu_order":0,"comment_status":"open","ping_status":"closed","template":"","meta":{"ngg_post_thumbnail":0,"footnotes":""},"class_list":["post-131","page","type-page","status-publish","hentry"],"_links":{"self":[{"href":"https:\/\/www.floracultura.it\/index.php\/wp-json\/wp\/v2\/pages\/131"}],"collection":[{"href":"https:\/\/www.floracultura.it\/index.php\/wp-json\/wp\/v2\/pages"}],"about":[{"href":"https:\/\/www.floracultura.it\/index.php\/wp-json\/wp\/v2\/types\/page"}],"author":[{"embeddable":true,"href":"https:\/\/www.floracultura.it\/index.php\/wp-json\/wp\/v2\/users\/1"}],"replies":[{"embeddable":true,"href":"https:\/\/www.floracultura.it\/index.php\/wp-json\/wp\/v2\/comments?post=131"}],"version-history":[{"count":1,"href":"https:\/\/www.floracultura.it\/index.php\/wp-json\/wp\/v2\/pages\/131\/revisions"}],"predecessor-version":[{"id":132,"href":"https:\/\/www.floracultura.it\/index.php\/wp-json\/wp\/v2\/pages\/131\/revisions\/132"}],"up":[{"embeddable":true,"href":"https:\/\/www.floracultura.it\/index.php\/wp-json\/wp\/v2\/pages\/255"}],"wp:attachment":[{"href":"https:\/\/www.floracultura.it\/index.php\/wp-json\/wp\/v2\/media?parent=131"}],"curies":[{"name":"wp","href":"https:\/\/api.w.org\/{rel}","templated":true}]}}